{"id":2519,"date":"2013-12-13T15:34:25","date_gmt":"2013-12-13T15:34:25","guid":{"rendered":"https:\/\/www.enogea.it\/?page_id=2519"},"modified":"2013-12-13T15:34:25","modified_gmt":"2013-12-13T15:34:25","slug":"authors","status":"publish","type":"page","link":"https:\/\/www.enogea.it\/en\/authors\/","title":{"rendered":"Authors"},"content":{"rendered":"<p><span style=\"color: #800000;\"><strong>Alessandro Masnaghetti<\/strong><\/span><\/p>\n<p style=\"text-align: justify;\">Diciamo che sono in questo mondo da una ventina di anni (e al mondo da pi\u00f9 di cinquanta) e che in tutto questo tempo ho lavorato sodo (Guida Vini d\u2019Italia L\u2019Espresso 2001 e 2002, Vinum Svizzera, Il Giornale, New York Times, Revue du Vin de France, ecc. ecc.), con qualche successo (credo) e con persone a cui devo molto, a cominciare da Luigi Veronelli. Detto ci\u00f2: se volete saperne di pi\u00f9 sul sottoscritto <a class=\"style_2\" title=\"http:\/\/www.altissimoceto.it\/2008\/08\/27\/gli-interpreti-del-vino-alessandro-masnaghetti-degustatore\/\" href=\"http:\/\/www.altissimoceto.it\/2008\/08\/27\/gli-interpreti-del-vino-alessandro-masnaghetti-degustatore\/\">cliccate qui<\/a>, oppure &#8211; se preferite scrivere direttamente al \u201cmanovratore\u201d &#8211; <a class=\"style\" title=\"mailto:masna@enogea.it?subject=oggetto e-mail\" href=\"mailto:masna@enogea.it?subject=oggetto%20e-mail\">provate qui<\/a>, vi risponder\u00f2 con piacere alla prossima fermata.<\/p>\n<p>&nbsp;<\/p>\n<p><strong><span style=\"color: #800000;\">Francesco Falcone<\/span><\/strong><\/p>\n<p style=\"text-align: justify;\"><span class=\"null\">Parafrasando Luigi Barzini, il mestiere del degustatore professionale \u00e8 difficile, con interminabili sessioni di assaggio e lunghe trasferte, ma \u00e8 sempre meglio che lavorare. E pensare che ho davvero rischiato di diventare un vero lavoratore: infatti, fino all\u2019et\u00e0 di sedici volevo fare il gelataio (i miei genitori erano eccellenti gelatai). Per mia fortuna ho subito capito che c&#8217;era un&#8217;alternativa e che il gelato era meglio mangiarlo. Cos\u00ec, dopo una serie di esperienze come sommelier in Italia e all\u2019estero, ho cominciato a dedicarmi pienamente al giornalismo sul vino, prima con Sandro Sangiorgi, poi con Alessandro Masnaghetti, che mi ha letteralmente insegnato il mestiere (o almeno ci ha provato). Da dodici anni (ne ho 37) degusto e <\/span><span class=\"null\">scrivo e soprattutto viaggio ovunque ci sia una vigna e un vignaiolo, collaborando al progetto editoriale di Enogea e alla stesura della Guida I Vini d&#8217;Italia de l&#8217;Espresso.<br \/>\n<\/span><\/p>\n<p>&nbsp;<\/p>\n<p><strong><span style=\"color: #800000;\">Mauro Erro<\/span><\/strong><\/p>\n<p style=\"text-align: justify;\">Al mondo dal &#8217;78, in quello pi\u00f9 piccolo del vino sono entrato alla fine degli anni &#8217;90 come volontario. Dal 2006 indosso l&#8217;elmetto, lascio definitivamente gli studi in Filosofia e un improbabile futuro di profumiere, aprendo a Napoli un luogo d\u2019incontro per appassionati bevitori: un po&#8217; enoteca, un po&#8217; libreria specializzata, ma soprattutto una buona scusa per bere. Ho avuto, come milioni di italiani, un blog sul vino e dopo qualche esperienza tra quotidiani, riviste e un paio di guide assortite, oggi mi ritrovo in pianta stabile nella redazione di Enogea. Quando sono arrivato si lavorava al 41. Era il gennaio del 2012, ero nel Vulture e caddero due metri di neve. Per scrivermi, <a href=\"mailto:mauro@enogea.it?subject=oggetto%20e-mail\">cliccate qui.<\/a><\/p>\n<p>&nbsp;<\/p>\n<p><strong><span style=\"color: #800000;\">Giampaolo Gravina<\/span><\/strong><\/p>\n<p style=\"text-align: justify;\">Ho studiato Filosofia e insegnato Estetica, senza mai imparare a tagliarmi le unghie. Ho stappato qualche bottiglia nel ristorante Uno e Bino e ne ho raccontata qualche altra a Puri Spiriti di Radio3 Rai, ma entrambe le insegne hanno rapidamente chiuso i battenti (sar\u00e0 un caso?). Non smetto di sfidare il fuorigioco per la nazionale dei cronisti del vino, anche se il mio talento sportivo brilla con pi\u00f9 intensit\u00e0 nei commenti al basket Nba, stravaccato sul divano di casa.<br \/>\nDa oltre dieci anni sono vicecuratore della Guida I Vini d&#8217;Italia dell\u2019Espresso, ma non nascondo la mia debolezza per il vino di Borgogna, a cui ho recentemente dedicato un libro edito da Artevino e che lampeggia di tanto in tanto in una rubrichetta su Enogea, di cui curo anche lo spazio de Le Soste.<\/p>\n<p>&nbsp;<\/p>\n<p><strong><span style=\"color: #800000;\">Paolo De Cristofaro<\/span><\/strong><\/p>\n<p>&nbsp;<\/p>\n<p><strong><span style=\"color: #800000;\">Alessio Pietrobattista<\/span><\/strong><\/p>\n<p style=\"text-align: justify;\"><span class=\"null\">Nato e cresciuto a Roma, informatico per scelta, appassionato di vino per vocazione tenuta ben nascosta da anni di presunta crisi astemica derivante da vini sfusi casalinghi di dubbia qualit\u00e0. Dal momento in cui ho visto la luce tutto nella mia vita \u00e8 pieno: calice, cantina, giornata (con regolare domanda presentata per ampliamento a 48 ore). Nel frattempo prima <\/span><span class=\"null\">Repubblica, poi Gambero Rosso e Intravino.it, ora la Guida all 99 maison di Champagne di Edizioni Estemporanee e Agrodolce.it<br \/>\n<\/span><\/p>\n<p>&nbsp;<\/p>\n<p><strong><span style=\"color: #800000;\">Matteo Farini<\/span><\/strong><\/p>\n<p style=\"text-align: justify;\">Nato col peccato originale di aver mancato per un mesetto il trionfo mondiale del 1982, e cosa non meno grave di aver avuto i natali nella citt\u00e0 del B\u00f9rson, tento di annegare il dispiacere dandomi anima e corpo al vino. Fin dai primi anni dell&#8217;univerist\u00e0, a Bologna, mentre le altre persone normali si ingozzano di Garzellino frizzante ed improbabili sostanze alcoliche, mi reco alle feste nascondendo bianchi friulani in antri del frigorifero che poi non riesco pi\u00f9 a ricordare. Durante questo viaggio verso l&#8217;alcolismo come professione, scoppia anche grazie agli amici, un amore mai sopito per le Langhe ed il nebbiolo. Dal primo Porthos letto tutto d&#8217;un fiato in piedi in libreria, ai forum tematici e quindi alle prime collaborazioni con il Gambero Rosso il passo \u00e8 stato breve.<\/p>\n","protected":false},"excerpt":{"rendered":"<p>Alessandro Masnaghetti Diciamo che sono in questo mondo da una ventina di anni (e al mondo da pi\u00f9 di cinquanta) e che in tutto questo tempo ho lavorato sodo (Guida Vini d\u2019Italia [&hellip;]<\/p>\n","protected":false},"author":886,"featured_media":0,"parent":0,"menu_order":0,"comment_status":"open","ping_status":"open","template":"","meta":{"footnotes":""},"class_list":["post-2519","page","type-page","status-publish","hentry"],"_links":{"self":[{"href":"https:\/\/www.enogea.it\/en\/wp-json\/wp\/v2\/pages\/2519","targetHints":{"allow":["GET"]}}],"collection":[{"href":"https:\/\/www.enogea.it\/en\/wp-json\/wp\/v2\/pages"}],"about":[{"href":"https:\/\/www.enogea.it\/en\/wp-json\/wp\/v2\/types\/page"}],"author":[{"embeddable":true,"href":"https:\/\/www.enogea.it\/en\/wp-json\/wp\/v2\/users\/886"}],"replies":[{"embeddable":true,"href":"https:\/\/www.enogea.it\/en\/wp-json\/wp\/v2\/comments?post=2519"}],"version-history":[{"count":1,"href":"https:\/\/www.enogea.it\/en\/wp-json\/wp\/v2\/pages\/2519\/revisions"}],"predecessor-version":[{"id":2520,"href":"https:\/\/www.enogea.it\/en\/wp-json\/wp\/v2\/pages\/2519\/revisions\/2520"}],"wp:attachment":[{"href":"https:\/\/www.enogea.it\/en\/wp-json\/wp\/v2\/media?parent=2519"}],"curies":[{"name":"wp","href":"https:\/\/api.w.org\/{rel}","templated":true}]}}