{"id":117008,"date":"2026-02-16T21:25:29","date_gmt":"2026-02-16T20:25:29","guid":{"rendered":"https:\/\/www.enogea.it\/product\/chateau-palmer-vinyards-and-grapes-varities\/"},"modified":"2026-02-23T20:44:03","modified_gmt":"2026-02-23T19:44:03","slug":"chateau-palmer-vinyards-and-grapes-varities","status":"publish","type":"product","link":"https:\/\/www.enogea.it\/en\/product\/chateau-palmer-vinyards-and-grapes-varities\/","title":{"rendered":"Ch\u00e2teau Palmer &#8211; vineyards and grapes varieties"},"content":{"rendered":"<p>The ENOGEA series of collectible maps welcomes a new chapter: Ch\u00e2teau Palmer, one of the most prestigious crus class\u00e9s in the M\u00e9doc, is unveiled in all its detail for the first time through a unique map printed on prestigious 320-gram TAKEO Vent Nouveau Japanese paper. A map for connoisseurs who appreciate both design and the subtle nuances of touch.<\/p>\n<p><strong>Size<\/strong>: 44&#215;65 cm<\/p>\n<p><strong>Shipping<\/strong>: rolled in an protective rigid cardborad, not framed<\/p>\n<p>\u00a0<\/p>\n\n\t\t<style type=\"text\/css\">\n\t\t\t#gallery-2 {\n\t\t\t\tmargin: auto;\n\t\t\t}\n\t\t\t#gallery-2 .gallery-item {\n\t\t\t\tfloat: left;\n\t\t\t\tmargin-top: 10px;\n\t\t\t\ttext-align: center;\n\t\t\t\twidth: 25%;\n\t\t\t}\n\t\t\t#gallery-2 img {\n\t\t\t\tborder: 2px solid #cfcfcf;\n\t\t\t}\n\t\t\t#gallery-2 .gallery-caption {\n\t\t\t\tmargin-left: 0;\n\t\t\t}\n\t\t\t\/* see gallery_shortcode() in wp-includes\/media.php *\/\n\t\t<\/style>\n\t\t<div id='gallery-2' class='gallery galleryid-117008 gallery-columns-4 gallery-size-thumbnail'><dl class='gallery-item'>\n\t\t\t<dt class='gallery-icon portrait'>\n\t\t\t\t<a rel=\"gallery117008\" href='https:\/\/www.enogea.it\/wp-content\/uploads\/2026\/02\/Palmer-intera.png'><img loading=\"lazy\" decoding=\"async\" width=\"150\" height=\"150\" src=\"https:\/\/www.enogea.it\/wp-content\/uploads\/2026\/02\/Palmer-intera-150x150.png\" class=\"attachment-thumbnail size-thumbnail\" alt=\"\" srcset=\"https:\/\/www.enogea.it\/wp-content\/uploads\/2026\/02\/Palmer-intera-150x150.png 150w, https:\/\/www.enogea.it\/wp-content\/uploads\/2026\/02\/Palmer-intera-180x180.png 180w, https:\/\/www.enogea.it\/wp-content\/uploads\/2026\/02\/Palmer-intera-100x100.png 100w, https:\/\/www.enogea.it\/wp-content\/uploads\/2026\/02\/Palmer-intera-90x90.png 90w, https:\/\/www.enogea.it\/wp-content\/uploads\/2026\/02\/Palmer-intera-300x300.png 300w\" sizes=\"auto, (max-width: 150px) 100vw, 150px\" \/><\/a>\n\t\t\t<\/dt><\/dl><dl class='gallery-item'>\n\t\t\t<dt class='gallery-icon landscape'>\n\t\t\t\t<a rel=\"gallery117008\" href='https:\/\/www.enogea.it\/wp-content\/uploads\/2026\/02\/Palmer-dettaglio.png'><img loading=\"lazy\" decoding=\"async\" width=\"150\" height=\"150\" src=\"https:\/\/www.enogea.it\/wp-content\/uploads\/2026\/02\/Palmer-dettaglio-150x150.png\" class=\"attachment-thumbnail size-thumbnail\" alt=\"\" srcset=\"https:\/\/www.enogea.it\/wp-content\/uploads\/2026\/02\/Palmer-dettaglio-150x150.png 150w, https:\/\/www.enogea.it\/wp-content\/uploads\/2026\/02\/Palmer-dettaglio-180x180.png 180w, https:\/\/www.enogea.it\/wp-content\/uploads\/2026\/02\/Palmer-dettaglio-100x100.png 100w, https:\/\/www.enogea.it\/wp-content\/uploads\/2026\/02\/Palmer-dettaglio-90x90.png 90w, https:\/\/www.enogea.it\/wp-content\/uploads\/2026\/02\/Palmer-dettaglio-300x300.png 300w\" sizes=\"auto, (max-width: 150px) 100vw, 150px\" \/><\/a>\n\t\t\t<\/dt><\/dl>\n\t\t\t<br style='clear: both' \/>\n\t\t<\/div>\n\n","protected":false},"excerpt":{"rendered":"<p>CH\u00c2TEAU PALMER, one of the most prestigious crus class\u00e9s in the M\u00e9doc, featured for the first time on a dedicated map designed with meticulous attention to detail. Made for collectors.<\/p>\n","protected":false},"featured_media":117007,"comment_status":"open","ping_status":"closed","template":"","meta":[],"product_brand":[],"product_cat":[32],"product_tag":[],"class_list":{"0":"post-117008","1":"product","2":"type-product","3":"status-publish","4":"has-post-thumbnail","6":"product_cat-maps","7":"product_shipping_class-spedizione","9":"first","10":"instock","11":"shipping-taxable","12":"purchasable","13":"product-type-simple"},"_links":{"self":[{"href":"https:\/\/www.enogea.it\/en\/wp-json\/wp\/v2\/product\/117008","targetHints":{"allow":["GET"]}}],"collection":[{"href":"https:\/\/www.enogea.it\/en\/wp-json\/wp\/v2\/product"}],"about":[{"href":"https:\/\/www.enogea.it\/en\/wp-json\/wp\/v2\/types\/product"}],"replies":[{"embeddable":true,"href":"https:\/\/www.enogea.it\/en\/wp-json\/wp\/v2\/comments?post=117008"}],"wp:featuredmedia":[{"embeddable":true,"href":"https:\/\/www.enogea.it\/en\/wp-json\/wp\/v2\/media\/117007"}],"wp:attachment":[{"href":"https:\/\/www.enogea.it\/en\/wp-json\/wp\/v2\/media?parent=117008"}],"wp:term":[{"taxonomy":"product_brand","embeddable":true,"href":"https:\/\/www.enogea.it\/en\/wp-json\/wp\/v2\/product_brand?post=117008"},{"taxonomy":"product_cat","embeddable":true,"href":"https:\/\/www.enogea.it\/en\/wp-json\/wp\/v2\/product_cat?post=117008"},{"taxonomy":"product_tag","embeddable":true,"href":"https:\/\/www.enogea.it\/en\/wp-json\/wp\/v2\/product_tag?post=117008"}],"curies":[{"name":"wp","href":"https:\/\/api.w.org\/{rel}","templated":true}]}}